{"id":4404322,"date":"2023-03-30T18:01:42","date_gmt":"2023-03-30T17:01:42","guid":{"rendered":"https:\/\/radman-homes.eu\/about-us\/"},"modified":"2025-10-20T20:34:02","modified_gmt":"2025-10-20T19:34:02","slug":"about-us","status":"publish","type":"page","link":"https:\/\/radman-homes.eu\/en\/about-us\/","title":{"rendered":"About us"},"content":{"rendered":"<p>[et_pb_section fb_built=&#8221;1&#8243; fullwidth=&#8221;on&#8221; _builder_version=&#8221;4.20.2&#8243; _module_preset=&#8221;default&#8221; background_enable_image=&#8221;off&#8221; background_blend=&#8221;overlay&#8221; global_colors_info=&#8221;{}&#8221;][et_pb_fullwidth_header text_orientation=&#8221;center&#8221; header_fullscreen=&#8221;on&#8221; header_image_url=&#8221;https:\/\/radman-homes.eu\/wp-content\/uploads\/2023\/05\/Radman-Homes.png&#8221; _builder_version=&#8221;4.20.2&#8243; _module_preset=&#8221;default&#8221; background_color=&#8221;rgba(0,0,0,0.64)&#8221; background_image=&#8221;https:\/\/radman-homes.eu\/wp-content\/uploads\/2023\/03\/Lilla_1.jpg&#8221; background_blend=&#8221;overlay&#8221; custom_css_main_element=&#8221;min-height: 90vh!important;||padding-top: 0!important;||&#8221; custom_css_header_container=&#8221;min-height: 90vh!important;||width: 100%;&#8221; global_colors_info=&#8221;{}&#8221;][\/et_pb_fullwidth_header][\/et_pb_section][et_pb_section fb_built=&#8221;1&#8243; _builder_version=&#8221;4.20.2&#8243; _module_preset=&#8221;default&#8221; background_color=&#8221;#ebebe3&#8243; global_colors_info=&#8221;{}&#8221;][et_pb_row _builder_version=&#8221;4.20.2&#8243; _module_preset=&#8221;default&#8221; max_width=&#8221;1400px&#8221; custom_padding=&#8221;||9px|||&#8221; global_colors_info=&#8221;{}&#8221;][et_pb_column type=&#8221;4_4&#8243; _builder_version=&#8221;4.20.2&#8243; _module_preset=&#8221;default&#8221; global_colors_info=&#8221;{}&#8221;][et_pb_text _builder_version=&#8221;4.20.2&#8243; _module_preset=&#8221;default&#8221; header_font=&#8221;Playfair Display|700|||||||&#8221; header_text_align=&#8221;left&#8221; header_font_size=&#8221;50px&#8221; header_line_height=&#8221;1.3em&#8221; max_width=&#8221;40%&#8221; max_width_tablet=&#8221;100%&#8221; max_width_phone=&#8221;100%&#8221; max_width_last_edited=&#8221;on|phone&#8221; header_font_size_tablet=&#8221;40px&#8221; header_font_size_phone=&#8221;32px&#8221; header_font_size_last_edited=&#8221;on|phone&#8221; global_colors_info=&#8221;{}&#8221;]<\/p>\n<h1>Impeccable prefabricated houses that last<\/h1>\n<p>[\/et_pb_text][et_pb_divider color=&#8221;#b3463f&#8221; divider_weight=&#8221;2px&#8221; _builder_version=&#8221;4.20.2&#8243; _module_preset=&#8221;default&#8221; max_width=&#8221;11%&#8221; global_colors_info=&#8221;{}&#8221;][\/et_pb_divider][\/et_pb_column][\/et_pb_row][et_pb_row column_structure=&#8221;1_2,1_2&#8243; make_equal=&#8221;on&#8221; _builder_version=&#8221;4.20.2&#8243; _module_preset=&#8221;default&#8221; max_width=&#8221;1400px&#8221; custom_margin=&#8221;20px|auto||auto||&#8221; custom_padding=&#8221;||60px|||&#8221; global_colors_info=&#8221;{}&#8221;][et_pb_column type=&#8221;1_2&#8243; _builder_version=&#8221;4.20.2&#8243; _module_preset=&#8221;default&#8221; global_colors_info=&#8221;{}&#8221;][et_pb_text _builder_version=&#8221;4.27.4&#8243; _module_preset=&#8221;default&#8221; text_font=&#8221;Barlow Condensed|300|||||||&#8221; text_font_size=&#8221;20px&#8221; text_line_height=&#8221;1.3em&#8221; text_orientation=&#8221;justified&#8221; hover_enabled=&#8221;0&#8243; global_colors_info=&#8221;{}&#8221; sticky_enabled=&#8221;0&#8243;]<\/p>\n<p>Etablirani smo proizvo\u0111a\u010d prefabriciranih monta\u017enih drvenih ku\u0107a u \u0160vedskoj gdje smo izgradili stotine obiteljskih ku\u0107a, luksuznih vila, tipskih ku\u0107a i ku\u0107a u nizu. Svaka na\u0161a ku\u0107a postaje jedinstveni obiteljski dom, izgra\u0111en od drveta koje dolazi iz obli\u017enjih \u0161uma. Volimo drvo kao gra\u0111evinski materijal zbog brojnih prednosti, stoga namjeravamo raditi s drvetom i u budu\u0107nosti. \u0160uma je na\u0161 drugi dom i mi brinemo o njoj. Koristimo drvo isklju\u010divo iz \u0161uma koje se obnavljaju.<\/p>\n<p>Na\u0161e ku\u0107e gradimo u tvornici koja je opremljena sa <span>kompletnom Weinmann proizvodnom linijom, a ujedno je jedina kompletno automatizirana proizvodna linija u Hrvatskoj sa kapacitetom od\u00a0 preko 100 ku\u0107a godi\u0161nje.<\/span>. U na\u0161oj tvornici drvena gra\u0111a ulazi na jednom kraju, a gotova Radman Homes monta\u017ena ku\u0107a izlazi na drugom kraju. Time je proces izgradnje ku\u0107a u potpunosti pod na\u0161om kontrolom.<\/p>\n<p>Nudimo vam \u0161iroki izbor <a href=\"https:\/\/radman-homes.eu\/katalog-kuca\/\">katalo\u0161kih ku\u0107a<\/a> kako bi svatko mogao prona\u0107i onu koja ispunjava sve tra\u017eene zahtjeve. Sve ku\u0107e su projektirane kako bi maksimalno zadovoljile funkcionalnost i fleksibilnost prostora, te se na taj na\u010din mogu prilagoditi svakom pojedincu.<\/p>\n<p>[\/et_pb_text][\/et_pb_column][et_pb_column type=&#8221;1_2&#8243; _builder_version=&#8221;4.20.2&#8243; _module_preset=&#8221;default&#8221; global_colors_info=&#8221;{}&#8221;][et_pb_text _builder_version=&#8221;4.27.4&#8243; _module_preset=&#8221;default&#8221; text_font=&#8221;Barlow Condensed|300|||||||&#8221; text_font_size=&#8221;20px&#8221; text_line_height=&#8221;1.3em&#8221; text_orientation=&#8221;justified&#8221; hover_enabled=&#8221;0&#8243; global_colors_info=&#8221;{}&#8221; sticky_enabled=&#8221;0&#8243;]<\/p>\n<p>Bez obzira koji model ku\u0107e odaberete, mo\u017eete biti sigurni da \u0107emo vam izgraditi udoban dom u kojem \u0107ete se osje\u0107ati opu\u0161teno, sretno i zadovoljno \u2013 u skladu s prirodom.<\/p>\n<p>Sigurna smo gra\u0111evinska tvrtka u privatnom vlasni\u0161tvu. Zapo\u010deli smo s radom prije vi\u0161e od 10 godina. S vama smo tijekom i nakon izvedbe ku\u0107e, jer pru\u017eamo 2-godi\u0161nju garanciju za zavr\u0161ne obrtni\u010dke radove, te 10-godi\u0161nju garanciju na gra\u0111evinski dio ku\u0107e, a sve u skladu sa zakonom o gra\u0111enju.<\/p>\n<p>Me\u0111utim, va\u017eno je istaknuti da <strong>na\u0161e monta\u017ene ku\u0107e nemaju rok trajanja<\/strong> jer drvene konstrukcije, ako se projektiraju i izvedu ispravno, postaju trajni objekti.\u00a0 Izborom materijala mo\u017eemo aktivno utjecati na \u017eivotni vijek i ciklus renoviranja.<\/p>\n<p>Dom je odraz va\u0161ih o\u010dekivanja i na\u0161ih vrijednosti, stoga dajemo prioritet odr\u017eivosti kod odabira materijala za gradnju. Na\u0161i su monta\u017eni domovi izgra\u0111eni da traju i da budu energetski u\u010dinkoviti. U Radman Homesu ne gradimo ku\u0107e, ve\u0107 domove prilago\u0111ene va\u0161em \u017eivotnom stilu i \u017eeljama. Cijeli proces, od potpisa ugovora o gradnji do useljenja, traje 6 mjeseci.<\/p>\n<p>[\/et_pb_text][\/et_pb_column][\/et_pb_row][\/et_pb_section][et_pb_section fb_built=&#8221;1&#8243; _builder_version=&#8221;4.20.2&#8243; _module_preset=&#8221;default&#8221; custom_padding=&#8221;80px||80px|||&#8221; global_colors_info=&#8221;{}&#8221;][et_pb_row column_structure=&#8221;1_2,1_2&#8243; use_custom_gutter=&#8221;on&#8221; gutter_width=&#8221;2&#8243; make_equal=&#8221;on&#8221; _builder_version=&#8221;4.20.2&#8243; _module_preset=&#8221;default&#8221; max_width=&#8221;1400px&#8221; custom_padding=&#8221;50px||50px|||&#8221; global_colors_info=&#8221;{}&#8221;][et_pb_column type=&#8221;1_2&#8243; _builder_version=&#8221;4.20.2&#8243; _module_preset=&#8221;default&#8221; global_colors_info=&#8221;{}&#8221;][et_pb_blurb title=&#8221;Our vision&#8221; image=&#8221;https:\/\/radman-homes.eu\/wp-content\/uploads\/2023\/04\/Lilla_8.jpg&#8221; alt=&#8221;Lilla_8&#8243; content_max_width=&#8221;100%&#8221; _builder_version=&#8221;4.20.2&#8243; _module_preset=&#8221;default&#8221; header_font=&#8221;Playfair Display|700|||||||&#8221; header_font_size=&#8221;26px&#8221; header_line_height=&#8221;1.3em&#8221; body_font=&#8221;Barlow Condensed|300|||||||&#8221; body_font_size=&#8221;20px&#8221; body_line_height=&#8221;1.3em&#8221; width=&#8221;100%&#8221; animation_style=&#8221;fold&#8221; animation_direction=&#8221;left&#8221; animation_duration=&#8221;1600ms&#8221; global_colors_info=&#8221;{}&#8221;]<\/p>\n<p>Through ethical business and customer care, we become synonymous with low-energy prefabricated houses and their ecological and health advantages over traditional construction.<\/p>\n<p>[\/et_pb_blurb][\/et_pb_column][et_pb_column type=&#8221;1_2&#8243; _builder_version=&#8221;4.20.2&#8243; _module_preset=&#8221;default&#8221; global_colors_info=&#8221;{}&#8221;][et_pb_blurb title=&#8221;Our mission&#8221; image=&#8221;https:\/\/radman-homes.eu\/wp-content\/uploads\/2023\/04\/Lilla_10.jpg&#8221; content_max_width=&#8221;100%&#8221; _builder_version=&#8221;4.20.2&#8243; _module_preset=&#8221;default&#8221; header_font=&#8221;Playfair Display|700|||||||&#8221; header_font_size=&#8221;26px&#8221; header_line_height=&#8221;1.3em&#8221; body_font=&#8221;Barlow Condensed|300|||||||&#8221; body_font_size=&#8221;20px&#8221; body_line_height=&#8221;1.3em&#8221; animation_style=&#8221;fold&#8221; animation_direction=&#8221;right&#8221; animation_duration=&#8221;1600ms&#8221; global_colors_info=&#8221;{}&#8221;]<\/p>\n<p>We provide our houses with the highest level of housing quality, which we achieve by using high-quality materials and production and assembly methods adopted on the Swedish market.<\/p>\n<p>[\/et_pb_blurb][\/et_pb_column][\/et_pb_row][\/et_pb_section][et_pb_section fb_built=&#8221;1&#8243; _builder_version=&#8221;4.20.2&#8243; _module_preset=&#8221;default&#8221; background_color=&#8221;#ebebe3&#8243; global_colors_info=&#8221;{}&#8221;][et_pb_row _builder_version=&#8221;4.20.2&#8243; _module_preset=&#8221;default&#8221; max_width=&#8221;1400px&#8221; custom_padding=&#8221;||30px|||&#8221; global_colors_info=&#8221;{}&#8221;][et_pb_column type=&#8221;4_4&#8243; _builder_version=&#8221;4.20.2&#8243; _module_preset=&#8221;default&#8221; global_colors_info=&#8221;{}&#8221;][et_pb_text _builder_version=&#8221;4.20.2&#8243; _module_preset=&#8221;default&#8221; header_font=&#8221;Playfair Display|700|||||||&#8221; header_text_align=&#8221;left&#8221; header_font_size=&#8221;50px&#8221; header_line_height=&#8221;1.3em&#8221; header_2_font=&#8221;Playfair Display|700|||||||&#8221; header_2_font_size=&#8221;50px&#8221; header_2_line_height=&#8221;1.3em&#8221; max_width=&#8221;60%&#8221; header_2_font_size_tablet=&#8221;50px&#8221; header_2_font_size_phone=&#8221;32px&#8221; header_2_font_size_last_edited=&#8221;on|phone&#8221; global_colors_info=&#8221;{}&#8221;]<\/p>\n<h2>Core<\/h2>\n<h2>values<\/h2>\n<p>[\/et_pb_text][\/et_pb_column][\/et_pb_row][et_pb_row column_structure=&#8221;1_2,1_2&#8243; use_custom_gutter=&#8221;on&#8221; gutter_width=&#8221;1&#8243; make_equal=&#8221;on&#8221; padding_top_bottom_link_2=&#8221;true&#8221; padding_left_right_link_2=&#8221;true&#8221; _builder_version=&#8221;4.20.2&#8243; max_width=&#8221;1400px&#8221; global_colors_info=&#8221;{}&#8221;][et_pb_column type=&#8221;1_2&#8243; _builder_version=&#8221;4.20.2&#8243; background_image=&#8221;https:\/\/radman-homes.eu\/wp-content\/uploads\/2023\/04\/Lilla_4.jpg&#8221; background_position=&#8221;center_left&#8221; custom_padding=&#8221;|||&#8221; global_colors_info=&#8221;{}&#8221; custom_padding__hover=&#8221;|||&#8221;][et_pb_divider show_divider=&#8221;off&#8221; disabled_on=&#8221;off|off|on&#8221; _builder_version=&#8221;4.16&#8243; custom_padding=&#8221;24%||24%||true&#8221; global_colors_info=&#8221;{}&#8221;][\/et_pb_divider][\/et_pb_column][et_pb_column type=&#8221;1_2&#8243; _builder_version=&#8221;4.20.2&#8243; background_color=&#8221;#759998&#8243; custom_padding=&#8221;60px|60px|60px|60px&#8221; custom_padding_tablet=&#8221;&#8221; custom_padding_phone=&#8221;|30px||30px||true&#8221; custom_padding_last_edited=&#8221;on|desktop&#8221; global_colors_info=&#8221;{}&#8221; custom_padding__hover=&#8221;|||&#8221;][et_pb_blurb title=&#8221;Focus on customers&#8221; use_icon=&#8221;on&#8221; font_icon=&#8221;&#xe074;||divi||400&#8243; icon_color=&#8221;#99765a&#8221; icon_placement=&#8221;left&#8221; image_icon_width=&#8221;50px&#8221; content_max_width=&#8221;100%&#8221; _builder_version=&#8221;4.20.2&#8243; header_font=&#8221;Playfair Display|700|||||||&#8221; header_text_color=&#8221;#FFFFFF&#8221; header_font_size=&#8221;20px&#8221; header_line_height=&#8221;1.2em&#8221; body_font=&#8221;Barlow Condensed|300|||||||&#8221; body_text_color=&#8221;#FFFFFF&#8221; body_font_size=&#8221;18px&#8221; body_line_height=&#8221;1.3em&#8221; custom_padding=&#8221;||30px&#8221; animation_style=&#8221;zoom&#8221; animation=&#8221;off&#8221; border_width_right_image=&#8221;6px&#8221; border_color_right_image=&#8221;rgba(0,0,0,0)&#8221; image_max_width=&#8221;71px&#8221; global_colors_info=&#8221;{}&#8221;]<\/p>\n<p>We understand that buying a home is a big step, so we base an excellent customer experience on putting the customer&#8217;s wants and needs first. We approach each house as our own, proud because it is the result of the trust of our customers and the creativity of our employees.<\/p>\n<p>[\/et_pb_blurb][et_pb_blurb title=&#8221;Quality&#8221; use_icon=&#8221;on&#8221; font_icon=&#8221;&#x5a;||divi||400&#8243; icon_color=&#8221;#99765a&#8221; icon_placement=&#8221;left&#8221; image_icon_width=&#8221;50px&#8221; content_max_width=&#8221;100%&#8221; _builder_version=&#8221;4.20.2&#8243; header_font=&#8221;Playfair Display|700|||||||&#8221; header_text_color=&#8221;#FFFFFF&#8221; header_font_size=&#8221;20px&#8221; header_line_height=&#8221;1.2em&#8221; body_font=&#8221;Barlow Condensed|300|||||||&#8221; body_text_color=&#8221;#FFFFFF&#8221; body_font_size=&#8221;18px&#8221; body_line_height=&#8221;1.3em&#8221; custom_padding=&#8221;||30px&#8221; animation_style=&#8221;zoom&#8221; animation_delay=&#8221;200ms&#8221; animation=&#8221;off&#8221; border_width_right_image=&#8221;6px&#8221; border_color_right_image=&#8221;rgba(0,0,0,0)&#8221; image_max_width=&#8221;71px&#8221; global_colors_info=&#8221;{}&#8221;]<\/p>\n<p>During the production and assembly of houses, we focus on the quality of workmanship and materials, which ensures the highest level of quality and durability of our houses.<\/p>\n<p>[\/et_pb_blurb][et_pb_blurb title=&#8221;Cooperation&#8221; use_icon=&#8221;on&#8221; font_icon=&#8221;&#xf2b5;||fa||900&#8243; icon_color=&#8221;#99765a&#8221; icon_placement=&#8221;left&#8221; image_icon_width=&#8221;42px&#8221; content_max_width=&#8221;100%&#8221; _builder_version=&#8221;4.20.2&#8243; header_font=&#8221;Playfair Display|700|||||||&#8221; header_text_color=&#8221;#FFFFFF&#8221; header_font_size=&#8221;20px&#8221; header_line_height=&#8221;1.2em&#8221; body_font=&#8221;Barlow Condensed|300|||||||&#8221; body_text_color=&#8221;#FFFFFF&#8221; body_font_size=&#8221;18px&#8221; body_line_height=&#8221;1.3em&#8221; custom_padding=&#8221;||30px&#8221; animation_style=&#8221;zoom&#8221; animation_delay=&#8221;400ms&#8221; animation=&#8221;off&#8221; border_width_right_image=&#8221;6px&#8221; border_color_right_image=&#8221;rgba(0,0,0,0)&#8221; image_max_width=&#8221;71px&#8221; global_colors_info=&#8221;{}&#8221;]<\/p>\n<p>In our business, we always strive to cultivate good relationships, but also to be proactive, which is reflected in successful cooperation with all our partners and the positive promotion of prefabricated houses as an alternative to traditional construction.<\/p>\n<p>[\/et_pb_blurb][et_pb_blurb title=&#8221;Environment and health&#8221; use_icon=&#8221;on&#8221; font_icon=&#8221;&#xf21e;||fa||900&#8243; icon_color=&#8221;#99765a&#8221; icon_placement=&#8221;left&#8221; image_icon_width=&#8221;50px&#8221; content_max_width=&#8221;100%&#8221; _builder_version=&#8221;4.20.2&#8243; header_font=&#8221;Playfair Display|700|||||||&#8221; header_text_color=&#8221;#FFFFFF&#8221; header_font_size=&#8221;20px&#8221; header_line_height=&#8221;1.2em&#8221; body_font=&#8221;Barlow Condensed|300|||||||&#8221; body_text_color=&#8221;#FFFFFF&#8221; body_font_size=&#8221;18px&#8221; body_line_height=&#8221;1.3em&#8221; custom_padding=&#8221;||30px&#8221; animation_style=&#8221;zoom&#8221; animation_delay=&#8221;600ms&#8221; animation=&#8221;off&#8221; border_width_right_image=&#8221;6px&#8221; border_color_right_image=&#8221;rgba(0,0,0,0)&#8221; image_max_width=&#8221;71px&#8221; global_colors_info=&#8221;{}&#8221;]<\/p>\n<p>We take the health of our employees and customers seriously. The construction techniques and materials we install in our homes are environmentally friendly, have no negative impact on health and the environment, and pass the most demanding quality and safety tests.<\/p>\n<p>[\/et_pb_blurb][et_pb_blurb title=&#8221;Community&#8221; use_icon=&#8221;on&#8221; font_icon=&#8221;&#xe074;||divi||400&#8243; icon_color=&#8221;#99765a&#8221; icon_placement=&#8221;left&#8221; image_icon_width=&#8221;50px&#8221; content_max_width=&#8221;100%&#8221; _builder_version=&#8221;4.20.2&#8243; header_font=&#8221;Playfair Display|700|||||||&#8221; header_text_color=&#8221;#FFFFFF&#8221; header_font_size=&#8221;20px&#8221; header_line_height=&#8221;1.2em&#8221; body_font=&#8221;Barlow Condensed|300|||||||&#8221; body_text_color=&#8221;#FFFFFF&#8221; body_font_size=&#8221;18px&#8221; body_line_height=&#8221;1.3em&#8221; custom_padding=&#8221;||30px&#8221; animation_style=&#8221;zoom&#8221; animation_delay=&#8221;800ms&#8221; animation=&#8221;off&#8221; border_width_right_image=&#8221;6px&#8221; border_color_right_image=&#8221;rgba(0,0,0,0)&#8221; image_max_width=&#8221;71px&#8221; global_colors_info=&#8221;{}&#8221;]<\/p>\n<p>Our houses will last for generations, so we strive to be guided by the principles of ethical business in everything we do. We have purposefully launched our production in Croatia, while through engagement and participation in socially beneficial projects we support the growth and development of our community.<\/p>\n<p>[\/et_pb_blurb][\/et_pb_column][\/et_pb_row][\/et_pb_section]<\/p>\n","protected":false},"excerpt":{"rendered":"<p>Impeccable prefabricated houses that lastEtablirani smo proizvo\u0111a\u010d prefabriciranih monta\u017enih drvenih ku\u0107a u \u0160vedskoj gdje smo izgradili stotine obiteljskih ku\u0107a, luksuznih vila, tipskih ku\u0107a i ku\u0107a u nizu. Svaka na\u0161a ku\u0107a postaje jedinstveni obiteljski dom, izgra\u0111en od drveta koje dolazi iz obli\u017enjih \u0161uma. Volimo drvo kao gra\u0111evinski materijal zbog brojnih prednosti, stoga namjeravamo raditi s drvetom [&hellip;]<\/p>\n","protected":false},"author":1,"featured_media":0,"parent":0,"menu_order":0,"comment_status":"closed","ping_status":"closed","template":"","meta":{"_acf_changed":false,"_et_pb_use_builder":"on","_et_pb_old_content":"","_et_gb_content_width":"","footnotes":""},"class_list":["post-4404322","page","type-page","status-publish","hentry"],"acf":[],"_links":{"self":[{"href":"https:\/\/radman-homes.eu\/en\/wp-json\/wp\/v2\/pages\/4404322","targetHints":{"allow":["GET"]}}],"collection":[{"href":"https:\/\/radman-homes.eu\/en\/wp-json\/wp\/v2\/pages"}],"about":[{"href":"https:\/\/radman-homes.eu\/en\/wp-json\/wp\/v2\/types\/page"}],"author":[{"embeddable":true,"href":"https:\/\/radman-homes.eu\/en\/wp-json\/wp\/v2\/users\/1"}],"replies":[{"embeddable":true,"href":"https:\/\/radman-homes.eu\/en\/wp-json\/wp\/v2\/comments?post=4404322"}],"version-history":[{"count":10,"href":"https:\/\/radman-homes.eu\/en\/wp-json\/wp\/v2\/pages\/4404322\/revisions"}],"predecessor-version":[{"id":4406127,"href":"https:\/\/radman-homes.eu\/en\/wp-json\/wp\/v2\/pages\/4404322\/revisions\/4406127"}],"wp:attachment":[{"href":"https:\/\/radman-homes.eu\/en\/wp-json\/wp\/v2\/media?parent=4404322"}],"curies":[{"name":"wp","href":"https:\/\/api.w.org\/{rel}","templated":true}]}}